{"id":386,"date":"2010-01-07T16:49:51","date_gmt":"2010-01-08T00:49:51","guid":{"rendered":"http:\/\/dev.africanfilmfestival.org\/?page_id=386"},"modified":"2020-01-30T13:35:17","modified_gmt":"2020-01-30T21:35:17","slug":"committee","status":"publish","type":"page","link":"https:\/\/www.africanfilmfestival.org\/2020\/about\/committee\/","title":{"rendered":"Committee Members"},"content":{"rendered":"<h4>Festival Director<\/h4>\n<p>Tracy Francis<\/p>\n<h4>Associate Festival Director<\/h4>\n<p>Ronna Neuenschwander<\/p>\n<h4>Volunteers<\/h4>\n<ul>\n<li>Wiley G. Barnett<\/li>\n<li>Nabil Boudraa<\/li>\n<li>Rebecca Bratter<\/li>\n<li>Tracey Brown<\/li>\n<li>C. Louis Butts, Jr<\/li>\n<li>Haoua Cheick Seip<\/li>\n<li>Kiki Dembrow<\/li>\n<li>Michael Dembrow<\/li>\n<li>Tatyana Dembrow<\/li>\n<li>Baba Wagu\u00e9 Diakit\u00e9<\/li>\n<li>Debbie Fisher<\/li>\n<li>Amadou Fofana<\/li>\n<li>Kelly Fraser<\/li>\n<li>Tedla Gessesse<\/li>\n<li>Gloria Halper<\/li>\n<li>Mark Holman<\/li>\n<li>Bob Holmstr\u00f6m<\/li>\n<li>Mary Holmstr\u00f6m<\/li>\n<li>Mike Johnson<\/li>\n<li>Patricia Johnson<\/li>\n<li>Aaron McKee<\/li>\n<li>Jay Moskovitz<\/li>\n<li>Nana Nash<\/li>\n<li>Ruth Nemarundwe<\/li>\n<li>Salina Norton<\/li>\n<li>PC Peri<\/li>\n<li>Megan Phillips<\/li>\n<li>David Rutiezer<\/li>\n<li>Anatole Schaff<\/li>\n<li>Daadir Shee<\/li>\n<li>Joseph Smith-Buani<\/li>\n<li>Candilyn Ushery<\/li>\n<li>Carrie Walker<\/li>\n<li>Ghermay Woldeab<\/li>\n<\/ul>\n<h4>Poster Design<\/h4>\n<ul>\n<li>A.J. Reid, currently a student in the Graphic Design Program at PCC Sylvania Campus.<\/li>\n<li>Poster image <span style=\"font-weight: 400;\">courtesy of artist\/filmmaker<\/span> Penda Diakite<span style=\"font-weight: 400;\">, <a href=\"http:\/\/www.pendadiakite.com\/\">pendadiakite.com<\/a>.<\/span><\/li>\n<\/ul>\n<h4>Website Design<\/h4>\n<ul>\n<li>Ali Gray, Luis Menchu, and Gabriel Nagmay of PCC<\/li>\n<li>Anatole Schaff of Workday<\/li>\n<\/ul>\n<h4>3-D Festival Animation<\/h4>\n<p>Felipe Mirez, <a href=\"http:\/\/www.fmirez.com\" target=\"_blank\" rel=\"noopener noreferrer\">fmirez.com<\/a>.<\/p>\n<h4>Acknowledgments<\/h4>\n<p>We gratefully acknowledge the continuing support of Portland Community College, and especially would like to thank the following:<\/p>\n<ul>\n<li><strong>PCC College President<\/strong> Mark Mitsui<\/li>\n<li><strong>Cascade Campus President<\/strong> Karin Edwards<\/li>\n<li><strong>The PCC Board of Directors:<\/strong>\n<ul>\n<li><span style=\"font-weight: 400;\">Mohamed Alyajouri<\/span><\/li>\n<li><span style=\"font-weight: 400;\">Alexander Diaz Rios<\/span><\/li>\n<li><span style=\"font-weight: 400;\">Denise Frisbee<\/span><\/li>\n<li><span style=\"font-weight: 400;\">Jim Harper<\/span><\/li>\n<li><span style=\"font-weight: 400;\">Tiffani Penson<\/span><\/li>\n<li><span style=\"font-weight: 400;\">Dan Saltzman<\/span><\/li>\n<li><span style=\"font-weight: 400;\">Michael Sonnleitner<\/span><\/li>\n<li><span style=\"font-weight: 400;\">Student Trustee Hanna Alzgal <\/span><\/li>\n<\/ul>\n<\/li>\n<\/ul>\n<ul>\n<li><strong>PCC Organizations:<\/strong>\n<ul>\n<li>Cascade Associated\u00a0Students\u00a0of PCC<\/li>\n<li>Cascade Cultural\u00a0Affairs\u00a0Fund<\/li>\n<li>Cascade Information Staff<\/li>\n<li>Cascade Multicultural Awareness Council<\/li>\n<li>Cascade Public Safety<\/li>\n<li>PCC Foundation<\/li>\n<li>PCC Library<\/li>\n<li>PCC Print Center<\/li>\n<\/ul>\n<\/li>\n<\/ul>\n<ul>\n<li><strong>PCC Staff Members:<\/strong>\n<ul>\n<li><span style=\"font-weight: 400;\">Matt Chase<\/span><\/li>\n<li><span style=\"font-weight: 400;\">Michele Cruse<\/span><\/li>\n<li><span style=\"font-weight: 400;\">Heidi Dombek<\/span><\/li>\n<li><span style=\"font-weight: 400;\">Kendi Esary<\/span><\/li>\n<li><span style=\"font-weight: 400;\">Cody Field<\/span><\/li>\n<li><span style=\"font-weight: 400;\">Traci Fordham<\/span><\/li>\n<li><span style=\"font-weight: 400;\">Lisa George<\/span><\/li>\n<li><span style=\"font-weight: 400;\">Tony Greiner<\/span><\/li>\n<li><span style=\"font-weight: 400;\">Ashley Hansen<\/span><\/li>\n<li><span style=\"font-weight: 400;\">Amanda Harrison<\/span><\/li>\n<li><span style=\"font-weight: 400;\">Nancy Hartman<\/span><\/li>\n<li><span style=\"font-weight: 400;\">Shally Hartman<\/span><\/li>\n<li><span style=\"font-weight: 400;\">James G. Hill<\/span><\/li>\n<li><span style=\"font-weight: 400;\">Em Jones<\/span><\/li>\n<li><span style=\"font-weight: 400;\">Christina Kline<\/span><\/li>\n<li><span style=\"font-weight: 400;\">Keri McCarty<\/span><\/li>\n<li><span style=\"font-weight: 400;\">Aaron McKee<\/span><\/li>\n<li><span style=\"font-weight: 400;\">Ken Nelson<\/span><\/li>\n<li><span style=\"font-weight: 400;\">Ann Prater<\/span><\/li>\n<li><span style=\"font-weight: 400;\">Abe Proctor<\/span><\/li>\n<li><span style=\"font-weight: 400;\">Donna Reed<\/span><\/li>\n<li><span style=\"font-weight: 400;\">Mark Roberts<\/span><\/li>\n<li><span style=\"font-weight: 400;\">Tammy Sanders<\/span><\/li>\n<li><span style=\"font-weight: 400;\">Nathan Savage<\/span><\/li>\n<li><span style=\"font-weight: 400;\">Kurt Simonds<\/span><\/li>\n<li><span style=\"font-weight: 400;\">Daniel Soucy<\/span><\/li>\n<li><span style=\"font-weight: 400;\">Luat Tran<\/span><\/li>\n<li><span style=\"font-weight: 400;\">Elia Unverzagt<\/span><\/li>\n<li><span style=\"font-weight: 400;\">Maria Wagner<\/span><\/li>\n<li><span style=\"font-weight: 400;\">Ted Walker<\/span><\/li>\n<li><span style=\"font-weight: 400;\">Nancy Wessel<\/span><\/li>\n<li><span style=\"font-weight: 400;\">Jonathan Whitmore<\/span><\/li>\n<li><span style=\"font-weight: 400;\">Randy Zeller<\/span><\/li>\n<\/ul>\n<\/li>\n<\/ul>\n<p>We are also grateful for the generous support of our <a href=\"\/2020\/sponsors\/\">sponsors<\/a>.<\/p>\n","protected":false},"excerpt":{"rendered":"<p>Festival Director Tracy Francis Associate Festival Director Ronna Neuenschwander Volunteers Wiley G. Barnett Nabil Boudraa Rebecca Bratter Tracey Brown C. Louis Butts, Jr Haoua Cheick Seip Kiki Dembrow Michael Dembrow Tatyana Dembrow Baba Wagu\u00e9 Diakit\u00e9 Debbie Fisher Amadou Fofana Kelly Fraser Tedla Gessesse Gloria Halper Mark Holman Bob Holmstr\u00f6m Mary Holmstr\u00f6m Mike Johnson Patricia Johnson [&hellip;]<\/p>\n","protected":false},"author":2,"featured_media":0,"parent":780,"menu_order":9,"comment_status":"open","ping_status":"open","template":"","meta":{"footnotes":""},"class_list":["post-386","page","type-page","status-publish","hentry"],"_links":{"self":[{"href":"https:\/\/www.africanfilmfestival.org\/2020\/wp-json\/wp\/v2\/pages\/386","targetHints":{"allow":["GET"]}}],"collection":[{"href":"https:\/\/www.africanfilmfestival.org\/2020\/wp-json\/wp\/v2\/pages"}],"about":[{"href":"https:\/\/www.africanfilmfestival.org\/2020\/wp-json\/wp\/v2\/types\/page"}],"author":[{"embeddable":true,"href":"https:\/\/www.africanfilmfestival.org\/2020\/wp-json\/wp\/v2\/users\/2"}],"replies":[{"embeddable":true,"href":"https:\/\/www.africanfilmfestival.org\/2020\/wp-json\/wp\/v2\/comments?post=386"}],"version-history":[{"count":40,"href":"https:\/\/www.africanfilmfestival.org\/2020\/wp-json\/wp\/v2\/pages\/386\/revisions"}],"predecessor-version":[{"id":4439,"href":"https:\/\/www.africanfilmfestival.org\/2020\/wp-json\/wp\/v2\/pages\/386\/revisions\/4439"}],"up":[{"embeddable":true,"href":"https:\/\/www.africanfilmfestival.org\/2020\/wp-json\/wp\/v2\/pages\/780"}],"wp:attachment":[{"href":"https:\/\/www.africanfilmfestival.org\/2020\/wp-json\/wp\/v2\/media?parent=386"}],"curies":[{"name":"wp","href":"https:\/\/api.w.org\/{rel}","templated":true}]}}