{"id":386,"date":"2010-01-07T16:49:51","date_gmt":"2010-01-08T00:49:51","guid":{"rendered":"http:\/\/dev.africanfilmfestival.org\/?page_id=386"},"modified":"2019-01-07T15:04:28","modified_gmt":"2019-01-07T23:04:28","slug":"committee","status":"publish","type":"page","link":"https:\/\/www.africanfilmfestival.org\/2019\/about\/committee\/","title":{"rendered":"Committee Members"},"content":{"rendered":"<p><strong>Festival Director: Tracy Francis<\/strong><\/p>\n<p><strong>Associate Festival Director: Ronna Neuenschwander<\/strong><\/p>\n<p><strong>Volunteers:<\/strong><\/p>\n<div class=\"row\">\n<div class=\"small-12 medium-6 columns\">\n<ul>\n<li>Wiley G. Barnett<\/li>\n<li>Nabil Boudraa<\/li>\n<li>Rebecca Bratter<\/li>\n<li>Tracey Brown<\/li>\n<li>C. Louis Butts, Jr<\/li>\n<li>Kiki Dembrow<\/li>\n<li>Michael Dembrow<\/li>\n<li>Tatyana Dembrow<\/li>\n<li>Baba Wagu\u00e9 Diakit\u00e9<\/li>\n<li>Amadou Fofana<\/li>\n<li>Kelly Fraser<\/li>\n<li>Darrell Fuhriman<\/li>\n<li>Tedla Gessesse<\/li>\n<li>Gloria Halper<\/li>\n<li>Mark Holman<\/li>\n<li>Bob Holmstr\u00f6m<\/li>\n<li>Mary Holmstr\u00f6m<\/li>\n<\/ul>\n<\/div>\n<div class=\"small-12 medium-6 columns\">\n<ul>\n<li>Mike Johnson<\/li>\n<li>Aaron McKee<\/li>\n<li>Jay Moskovitz<\/li>\n<li>Nana Nash<\/li>\n<li>Ruth Nemarundwe<\/li>\n<li>PC Peri<\/li>\n<li>Megan Phillips<\/li>\n<li>David Rutiezer<\/li>\n<li>Anatole Schaff<\/li>\n<li>Daadir Shee<\/li>\n<li>Joseph Smith-Buani<\/li>\n<li>Candilyn Ushery<\/li>\n<li>Carrie Walker<\/li>\n<li>Ghermay Woldeab<\/li>\n<\/ul>\n<\/div>\n<\/div>\n<p><strong>Poster Design: Yumi Moon<\/strong>\u00a0currently a student in the Graphic Design Program at PCC Sylvania Campus.<\/p>\n<p><strong>Web Site Design: Ali Gray, Luis Menchu, Gabriel Nagmay <\/strong>of PCC and <strong>Anatole Schaff<\/strong> of Workday.<\/p>\n<p><strong>3-D Festival Animation: Felipe Mirez<\/strong>\u00a0<a href=\"http:\/\/www.fmirez.com\" target=\"_blank\" rel=\"noopener\">www.fmirez.com<\/a>.<\/p>\n<h4>Acknowledgments<\/h4>\n<p>We gratefully acknowledge the continuing support of Portland Community College, and especially would like to thank the following:<\/p>\n<ul>\n<li><strong>PCC College President<\/strong> Mark Mitsui<\/li>\n<li><strong>Cascade Campus President<\/strong> Karin Edwards<\/li>\n<li><strong>The PCC Board of Directors:<\/strong>\n<ul>\n<li>Kali Thorne-Ladd, Chair<\/li>\n<li>Mohamed Alyajouri<\/li>\n<li>Valdez Bravo<\/li>\n<li>Denise Frisbee<\/li>\n<li>Jim Harper<\/li>\n<li>Mohamad Karim<\/li>\n<li>Deanna Palm<\/li>\n<li>Michael Sonnleitner<\/li>\n<\/ul>\n<\/li>\n<\/ul>\n<ul>\n<li><strong>PCC Organizations:<\/strong>\n<ul>\n<li>Cascade Associated\u00a0Students\u00a0of PCC<\/li>\n<li>Cascade Cultural\u00a0Affairs\u00a0Fund<\/li>\n<li>Cascade Information Staff<\/li>\n<li>Cascade Multicultural Awareness Council<\/li>\n<li>Cascade Public Safety<\/li>\n<li>PCC Foundation<\/li>\n<li>PCC Library<\/li>\n<li>PCC Print Center<\/li>\n<\/ul>\n<\/li>\n<\/ul>\n<ul>\n<li><strong>PCC Staff Members:<\/strong><\/li>\n<\/ul>\n<div class=\"row\">\n<div class=\"small-12 medium-6 columns\">\n<ul>\n<li style=\"list-style-type: none;\">\n<ul>\n<li>Nick Carmack<\/li>\n<li>Matt Chase<\/li>\n<li>Michele Cruse<\/li>\n<li>Heidi Dombek<\/li>\n<li>Kendi Esary<\/li>\n<li>Cody Field<\/li>\n<li>Tracy Fordham<\/li>\n<li>Tony Greiner<\/li>\n<li>Ashley Hansen<\/li>\n<li>Amanda Harrison<\/li>\n<li>Nancy Hartman<\/li>\n<li>Shally Hartman<\/li>\n<li>James G. Hill<\/li>\n<li>Keri McCarty<\/li>\n<li>Aaron McKee<\/li>\n<\/ul>\n<\/li>\n<\/ul>\n<\/div>\n<div class=\"small-12 medium-6 columns\">\n<ul>\n<li style=\"list-style-type: none;\">\n<ul>\n<li>Ken Nelson<\/li>\n<li>Debra Porta<\/li>\n<li>Ann Prater<\/li>\n<li>Abe Proctor<\/li>\n<li>Donna Reed<\/li>\n<li>Mark Roberts<\/li>\n<li>Tammy Sanders<\/li>\n<li>Nathan Savage<\/li>\n<li>Kurt Simonds<\/li>\n<li>Daniel Soucy<\/li>\n<li>Luat Tran<\/li>\n<li>Maria Wagner<\/li>\n<li>Robert Wagner<\/li>\n<li>Ted Walker<\/li>\n<li>Nancy Wessel<\/li>\n<\/ul>\n<\/li>\n<\/ul>\n<\/div>\n<\/div>\n<p>We are also grateful for the generous support of our <a href=\"\/2019\/sponsors\/\">sponsors<\/a>.<\/p>\n","protected":false},"excerpt":{"rendered":"<p>Festival Director: Tracy Francis Associate Festival Director: Ronna Neuenschwander Volunteers: Wiley G. Barnett Nabil Boudraa Rebecca Bratter Tracey Brown C. Louis Butts, Jr Kiki Dembrow Michael Dembrow Tatyana Dembrow Baba Wagu\u00e9 Diakit\u00e9 Amadou Fofana Kelly Fraser Darrell Fuhriman Tedla Gessesse Gloria Halper Mark Holman Bob Holmstr\u00f6m Mary Holmstr\u00f6m Mike Johnson Aaron McKee Jay Moskovitz Nana [&hellip;]<\/p>\n","protected":false},"author":2,"featured_media":0,"parent":780,"menu_order":9,"comment_status":"open","ping_status":"open","template":"","meta":{"footnotes":""},"class_list":["post-386","page","type-page","status-publish","hentry"],"_links":{"self":[{"href":"https:\/\/www.africanfilmfestival.org\/2019\/wp-json\/wp\/v2\/pages\/386","targetHints":{"allow":["GET"]}}],"collection":[{"href":"https:\/\/www.africanfilmfestival.org\/2019\/wp-json\/wp\/v2\/pages"}],"about":[{"href":"https:\/\/www.africanfilmfestival.org\/2019\/wp-json\/wp\/v2\/types\/page"}],"author":[{"embeddable":true,"href":"https:\/\/www.africanfilmfestival.org\/2019\/wp-json\/wp\/v2\/users\/2"}],"replies":[{"embeddable":true,"href":"https:\/\/www.africanfilmfestival.org\/2019\/wp-json\/wp\/v2\/comments?post=386"}],"version-history":[{"count":37,"href":"https:\/\/www.africanfilmfestival.org\/2019\/wp-json\/wp\/v2\/pages\/386\/revisions"}],"predecessor-version":[{"id":4169,"href":"https:\/\/www.africanfilmfestival.org\/2019\/wp-json\/wp\/v2\/pages\/386\/revisions\/4169"}],"up":[{"embeddable":true,"href":"https:\/\/www.africanfilmfestival.org\/2019\/wp-json\/wp\/v2\/pages\/780"}],"wp:attachment":[{"href":"https:\/\/www.africanfilmfestival.org\/2019\/wp-json\/wp\/v2\/media?parent=386"}],"curies":[{"name":"wp","href":"https:\/\/api.w.org\/{rel}","templated":true}]}}