{"id":386,"date":"2010-01-07T16:49:51","date_gmt":"2010-01-08T00:49:51","guid":{"rendered":"http:\/\/dev.africanfilmfestival.org\/?page_id=386"},"modified":"2013-01-03T21:43:27","modified_gmt":"2013-01-04T05:43:27","slug":"committee","status":"publish","type":"page","link":"https:\/\/www.africanfilmfestival.org\/2013\/about\/committee\/","title":{"rendered":"Committee Members"},"content":{"rendered":"<p>The 23rd Cascade Festival of African Films Committee:<\/p>\n<table width=\"450\">\n<tbody>\n<tr>\n<td>\n<ul style=\"color: #fff\">\n<li>April Adams<\/li>\n<li>Susan Barnett<\/li>\n<li>Wiley G. Barnett<\/li>\n<li>Phyllis Benton<\/li>\n<li>Nabil Boudraa<\/li>\n<li>Tracey Brown<\/li>\n<li>C. Louis Butts, Jr.<\/li>\n<li>Bobbie Carrie<\/li>\n<li>Maty Ciss\u00e9<\/li>\n<li>Greg Coyle<\/li>\n<li>Kiki Dembrow<\/li>\n<li>Michael Dembrow<\/li>\n<li>Tatyana Dembrow<\/li>\n<li>Baba Wagu\u00e9 Diakit\u00e9<\/li>\n<li>Sidy Diop<\/li>\n<li>Amadou Fofana<\/li>\n<li>Tara Foster<\/li>\n<li>Darrell Fuhriman<\/li>\n<li>Tedla Gessesse<\/li>\n<li>Gloria Halper<\/li>\n<li>George Hendrix<\/li>\n<li>Marco Holman<\/li>\n<\/ul>\n<\/td>\n<td>\n<ul style=\"color: #fff\">\n<li>Mark Holman<\/li>\n<li>Bob Holmstr\u00f6m<\/li>\n<li>Mary Holmstr\u00f6m<\/li>\n<li>Bernadette House<\/li>\n<li>Mike Johnson<\/li>\n<li>Shawn Jones<\/li>\n<li>Lisa Leonard<\/li>\n<li>Dana Louis<\/li>\n<li>Allison Mobley<\/li>\n<li>Jay Moskovitz<\/li>\n<li>Nana Nash<\/li>\n<li>Ruth Nemarundwe<\/li>\n<li>Ronna Neuenschwander<\/li>\n<li>Pandy Pinto<\/li>\n<li>PC Peri<\/li>\n<li>David Rutiezer<\/li>\n<li>Anatole Schaff<\/li>\n<li>Haoua Cheick Seip<\/li>\n<li>Joseph Smith-Buani<\/li>\n<li>Lotus Steering<\/li>\n<li>B\u00e9atrice Uwimana<\/li>\n<\/ul>\n<\/td>\n<\/tr>\n<\/tbody>\n<\/table>\n<p>&nbsp;<\/p>\n<p>Seth Nickeson designed the 23<sup>rd<\/sup>\u00a0Annual Cascade Festival of African Films poster and program cover. He is currently a student in the Graphic Design Program at the PCC Sylvania Campus.<\/p>\n<p><a href=\"mailto:anatole.schaff@gmail.com\">Anatole Schaff<\/a>, <a href=\"mailto:lmenchu@pcc.edu\">Luis Menchu<\/a>, and <a href=\"mailto:gabriel@nagmay.com\">Gabriel Nagmay<\/a> designed and built the festival Web site. Anatole works at Oracle Corporation and is a member of the Cascade Festival of African Films Committee. Luis is the Web Services Manager at PCC. Gabriel is a member of the PCC Web staff.<\/p>\n<p>Felipe Mirez designed the 3-D animation presentation for the 23<sup>rd<\/sup> festival. Felipe is a digital artist and animator whose work can be viewed at <a href=\"http:\/\/www.fmirez.com\">www.fmirez.com<\/a>.<\/p>\n","protected":false},"excerpt":{"rendered":"<p>The 23rd Cascade Festival of African Films Committee: April Adams Susan Barnett Wiley G. Barnett Phyllis Benton Nabil Boudraa Tracey Brown C. Louis Butts, Jr. Bobbie Carrie Maty Ciss\u00e9 Greg Coyle Kiki Dembrow Michael Dembrow Tatyana Dembrow Baba Wagu\u00e9 Diakit\u00e9 Sidy Diop Amadou Fofana Tara Foster Darrell Fuhriman Tedla Gessesse Gloria Halper George Hendrix Marco [&hellip;]<\/p>\n","protected":false},"author":2,"featured_media":0,"parent":780,"menu_order":20,"comment_status":"open","ping_status":"open","template":"","meta":{"footnotes":""},"class_list":["post-386","page","type-page","status-publish","hentry"],"_links":{"self":[{"href":"https:\/\/www.africanfilmfestival.org\/2013\/wp-json\/wp\/v2\/pages\/386","targetHints":{"allow":["GET"]}}],"collection":[{"href":"https:\/\/www.africanfilmfestival.org\/2013\/wp-json\/wp\/v2\/pages"}],"about":[{"href":"https:\/\/www.africanfilmfestival.org\/2013\/wp-json\/wp\/v2\/types\/page"}],"author":[{"embeddable":true,"href":"https:\/\/www.africanfilmfestival.org\/2013\/wp-json\/wp\/v2\/users\/2"}],"replies":[{"embeddable":true,"href":"https:\/\/www.africanfilmfestival.org\/2013\/wp-json\/wp\/v2\/comments?post=386"}],"version-history":[{"count":5,"href":"https:\/\/www.africanfilmfestival.org\/2013\/wp-json\/wp\/v2\/pages\/386\/revisions"}],"predecessor-version":[{"id":2130,"href":"https:\/\/www.africanfilmfestival.org\/2013\/wp-json\/wp\/v2\/pages\/386\/revisions\/2130"}],"up":[{"embeddable":true,"href":"https:\/\/www.africanfilmfestival.org\/2013\/wp-json\/wp\/v2\/pages\/780"}],"wp:attachment":[{"href":"https:\/\/www.africanfilmfestival.org\/2013\/wp-json\/wp\/v2\/media?parent=386"}],"curies":[{"name":"wp","href":"https:\/\/api.w.org\/{rel}","templated":true}]}}