{"id":64,"date":"2009-12-01T13:39:18","date_gmt":"2009-12-01T21:39:18","guid":{"rendered":"http:\/\/cfaf.pcc.edu.s67522.gridserver.com\/?page_id=64"},"modified":"2023-02-14T18:45:05","modified_gmt":"2023-02-15T02:45:05","slug":"artist-biographies","status":"publish","type":"page","link":"https:\/\/www.africanfilmfestival.org\/2010\/press\/artist-biographies\/","title":{"rendered":"Artist Biographies"},"content":{"rendered":"<h3><a href=\"http:\/\/www.africanfilmfestival.org\/wp-content\/uploads\/2009\/12\/john-kani.jpg\"><img loading=\"lazy\" decoding=\"async\" class=\"alignleft size-thumbnail wp-image-617\" title=\"john-kani\" src=\"http:\/\/www.africanfilmfestival.org\/wp-content\/uploads\/2009\/12\/john-kani-150x150.jpg\" alt=\"\" width=\"150\" height=\"150\" \/><\/a>John Kani<\/h3>\n<p>Director of <a title=\"NOTHING BUT THE TRUTH\" href=\"\/2010\/films\/nothing-but-the-truth\/\" rel=\"bookmark\">NOTHING BUT THE TRUTH<\/a><\/p>\n<p>John Kani is a veteran actor, playwright, and now film director from South Africa. He is perhaps best known for working with playwright Athol Fugard and fellow actor Winston Ntshona to create, act in and produce plays that highlighted the atrocities of the South African apartheid era. <em>Sizwe Bansi Is Dead<\/em> and <em>The Island<\/em> are among their best known collaborations.\u00a0 Kani\u2019s most recent play, <em>Nothing But The Truth<\/em>, is a gripping investigation into the complex dynamic between those blacks who remained in South Africa and risked their lives to lead the struggle against apartheid and those who returned victoriously after living in exile.\u00a0 After successful stage performances of the play in South Africa, London, and New York, in which Kani played the lead role, he turned his play into a film of the same\u00a0title.\u00a0 The film, which stars Kani, won the prestigious Silver Stallion of Yennega, the second-place prize at FESPACO in March 2009.<\/p>\n<h3><a href=\"http:\/\/www.africanfilmfestival.org\/wp-content\/uploads\/2009\/12\/Photo-Jos\u00e9phine-Ndagnou.jpg\"><img loading=\"lazy\" decoding=\"async\" class=\"alignleft size-thumbnail wp-image-582\" title=\"Photo Jos\u00e9phine Ndagnou\" src=\"http:\/\/www.africanfilmfestival.org\/wp-content\/uploads\/2009\/12\/Photo-Jos\u00e9phine-Ndagnou-150x150.jpg\" alt=\"\" width=\"150\" height=\"150\" \/><\/a>Jos\u00e9phine Ndagnou<\/h3>\n<p>Director of <a title=\"PARIS OR NOTHING\" href=\"\/2010\/films\/paris-or-nothing\/\" rel=\"bookmark\">PARIS OR NOTHING<\/a><\/p>\n<p>Jos\u00e9phine Ndagnou, a native Cameroonian, holds a diploma in Audio-Visual Production from the Ecole Sup\u00e9rieure de R\u00e9alisation Audiovisuelle in Paris, and a Masters in Cinematographic and Audio-Visual Studies from Paris I Pantheon-Sorbonne.\u00a0 A director with the national television station of Cameroon (CRTV) for 15 years, she has played a role in many telefilms produced by CRTV and appears in Jean-Pierre Bekolo\u2019s <em>Les Saignantes<\/em>.\u00a0 <em>Paris or Nothing<\/em> is her first full-length film, which she not only wrote, directed, and produced but also plays the leading role of Suzy, who will do anything to leave her native Cameroon for Paris.<\/p>\n<h3><a href=\"http:\/\/www.africanfilmfestival.org\/wp-content\/uploads\/2009\/12\/george-amponsah.jpg\"><img loading=\"lazy\" decoding=\"async\" class=\"alignleft size-thumbnail wp-image-618\" title=\"george-amponsah\" src=\"http:\/\/www.africanfilmfestival.org\/wp-content\/uploads\/2009\/12\/george-amponsah-150x150.jpg\" alt=\"\" width=\"150\" height=\"150\" \/><\/a>George Amponsah<\/h3>\n<p>Director of <a title=\"FIGHTING SPIRIT, THE\" href=\"\/2010\/films\/the-fighting-spirit\/\" rel=\"bookmark\">THE FIGHTING SPIRIT<\/a><\/p>\n<p>George Amponsah is an award-winning, critically acclaimed director who has been making films since the late 80s.\u00a0 His early super-8 films in art college, which focused on questions about identity, culminated in a post-graduate film that won him a scholarship to attend the documentary course at Britain\u2019s prestigious National Film and Television School.\u00a0 Since then, Amponsah has won awards for his film work from the BBC, Kodak, and the Royal Television Society, and he has worked with some of Britain\u2019s most prolific television production companies.\u00a0 While making short films for the Web and developing new feature films, Amponsah continues to work as a tutor with young people, using digital video as a tool with which to express views from outside the mainstream.\u00a0 He will present his documentary film, <em>The Fighting Spirit<\/em>, about three boxers, two men and a women, who live in a poor neighborhood on the outskirts of Accra, Ghana, who fight their way to the glittering rings of New York and London.<\/p>\n<h3><a href=\"http:\/\/www.africanfilmfestival.org\/wp-content\/uploads\/2009\/12\/image001.jpg\"><img loading=\"lazy\" decoding=\"async\" class=\"size-thumbnail wp-image-588 alignleft\" title=\"image001\" src=\"http:\/\/www.africanfilmfestival.org\/wp-content\/uploads\/2009\/12\/image001-150x150.jpg\" alt=\"\" width=\"150\" height=\"150\" \/><\/a>Haile Gerima<\/h3>\n<p>Director of <a title=\"SANKOFA\" href=\"\/2010\/films\/sankofa\/\" rel=\"bookmark\">SANKOFA<\/a> and TEZA<\/p>\n<p>Born and raised in Gondor, Ethiopia, Haile Gerima came to the U.S. in the early 1970s to study, teach, and make films.\u00a0 The majority of Gerima&#8217;s film projects have examined problems facing African Americans. Although he is Ethiopia&#8217;s best-known film director, he has spent most of his career in the United States. In 1976 he released <em>Bush Mama<\/em>, a black-and-white film about the political awakening of a black welfare mother. That same year Gerima joined the faculty of Howard University in Washington, D.C., where he continues to serve as Professor of Film and Black Studies.<\/p>\n<p>In 1977 he released a documentary on the case of the Wilmington 10 titled <em>Wilmington 10-USA 10,000<\/em>, which he made with the help of students at Howard University and volunteers from the local community. In 1982 he finished <em>Ashes and Embers<\/em>, a story about African American veterans of the Vietnam War, and in 1985 he released <em>After Winter: Sterling Brown<\/em>, a documentary about African American poet Sterling Brown, also made with student cooperation. He is best known for his powerful 1993 feature film, <em>Sankofa<\/em>, which focuses on the experience of slavery in the United States.\u00a0 His screening of <em>Sankofa<\/em> at the 5th Cascade Festival in 1995, together with his dialogue with the audience following the film, remains one of the most memorable evenings in the recent history of Oregon\u2019s African and African-American communities.<\/p>\n<p>The same can be said for his return in 2003 to present <em>Adwa<\/em>, a film that resurrects the memory of the 1896 battle in which an Ethiopian army of men and women armed with spears and knives defeated an army of 20,000 well-armed Italian colonial invaders.\u00a0 In his presentation of the film, Gerima discussed the implications of the Adwa experience &#8211; its capacity to shift the standard understanding of the colonial experience, as well as the mechanism for its continued life within the Ethiopian oral tradition.\u00a0 It was again a very powerful, provocative evening for immigrant and native-born Oregonians alike.<\/p>\n<p>His latest film, <em>Teza<\/em>, won the 2009 Grand Prize award at the Pan-African Film Festival (FESPACO) in Ouagadougou, Burkina Faso, the top festival for African Films.\u00a0 Although Gerima has worked and lived in the United States after 1969, he has maintained close ties with other African film directors. An active member of the F\u00e9d\u00e9ration Panafricaine des Cin\u00e9astes and the Comit\u00e9 Africain des Cin\u00e9astes, Gerima has also coordinated several colloquia and meetings of African film directors in the United States. In addition, Gerima&#8217;s own studio, Mypheduh Films, Inc., is one of the leading distributors of films by Africans and African Americans in the United States.<\/p>\n","protected":false},"excerpt":{"rendered":"<p>John Kani Director of NOTHING BUT THE TRUTH John Kani is a veteran actor, playwright, and now film director from South Africa. He is perhaps best known for working with playwright Athol Fugard and fellow actor Winston Ntshona to create, act in and produce plays that highlighted the atrocities of the South African apartheid era. [&hellip;]<\/p>\n","protected":false},"author":2,"featured_media":0,"parent":53,"menu_order":40,"comment_status":"open","ping_status":"open","template":"","meta":{"footnotes":""},"class_list":["post-64","page","type-page","status-publish","hentry"],"_links":{"self":[{"href":"https:\/\/www.africanfilmfestival.org\/2010\/wp-json\/wp\/v2\/pages\/64","targetHints":{"allow":["GET"]}}],"collection":[{"href":"https:\/\/www.africanfilmfestival.org\/2010\/wp-json\/wp\/v2\/pages"}],"about":[{"href":"https:\/\/www.africanfilmfestival.org\/2010\/wp-json\/wp\/v2\/types\/page"}],"author":[{"embeddable":true,"href":"https:\/\/www.africanfilmfestival.org\/2010\/wp-json\/wp\/v2\/users\/2"}],"replies":[{"embeddable":true,"href":"https:\/\/www.africanfilmfestival.org\/2010\/wp-json\/wp\/v2\/comments?post=64"}],"version-history":[{"count":1,"href":"https:\/\/www.africanfilmfestival.org\/2010\/wp-json\/wp\/v2\/pages\/64\/revisions"}],"predecessor-version":[{"id":791,"href":"https:\/\/www.africanfilmfestival.org\/2010\/wp-json\/wp\/v2\/pages\/64\/revisions\/791"}],"up":[{"embeddable":true,"href":"https:\/\/www.africanfilmfestival.org\/2010\/wp-json\/wp\/v2\/pages\/53"}],"wp:attachment":[{"href":"https:\/\/www.africanfilmfestival.org\/2010\/wp-json\/wp\/v2\/media?parent=64"}],"curies":[{"name":"wp","href":"https:\/\/api.w.org\/{rel}","templated":true}]}}